{"id":10912,"date":"2021-02-15T12:35:08","date_gmt":"2021-02-15T17:35:08","guid":{"rendered":"https:\/\/r22er.com\/produit\/masque-castor\/"},"modified":"2021-02-15T12:35:08","modified_gmt":"2021-02-15T17:35:08","slug":"masque-castor","status":"publish","type":"product","link":"https:\/\/r22er.com\/en\/produit\/masque-castor\/","title":{"rendered":"Masque castor"},"content":{"rendered":"","protected":false},"excerpt":{"rendered":"<p>Masque a trois \u00e9paisseurs en polyester<\/p>\n<ul>\n<li>resistante UV<\/li>\n<li>anti-gouttelettes<\/li>\n<li>filtre \u00e0 poussiere<\/li>\n<li>antibact\u00e9rien<\/li>\n<li>absorbant \u00e0 la sueur<\/li>\n<li>surface fraiche<\/li>\n<\/ul>\n","protected":false},"featured_media":9472,"template":"","meta":{"_acf_changed":false},"product_brand":[],"product_cat":[373,59,43],"product_tag":[],"class_list":{"0":"post-10912","1":"product","2":"type-product","3":"status-publish","4":"has-post-thumbnail","6":"product_cat-nouveaux-produits-en","7":"product_cat-clothing","8":"product_cat-regimental-items","10":"first","11":"outofstock","12":"taxable","13":"shipping-taxable","14":"purchasable","15":"product-type-simple"},"acf":[],"yoast_head":"<!-- This site is optimized with the Yoast SEO plugin v24.4 - https:\/\/yoast.com\/wordpress\/plugins\/seo\/ -->\n<title>Masque castor - Royal 22e R\u00e9giment<\/title>\n<meta name=\"robots\" content=\"index, follow, max-snippet:-1, max-image-preview:large, max-video-preview:-1\" \/>\n<link rel=\"canonical\" href=\"https:\/\/r22er.com\/en\/produit\/masque-castor\/\" \/>\n<meta property=\"og:locale\" content=\"en_US\" \/>\n<meta property=\"og:type\" content=\"article\" \/>\n<meta property=\"og:title\" content=\"Masque castor - Royal 22e R\u00e9giment\" \/>\n<meta property=\"og:description\" content=\"Masque a trois \u00e9paisseurs en polyester   resistante UV  anti-gouttelettes  filtre \u00e0 poussiere  antibact\u00e9rien  absorbant \u00e0 la sueur  surface fraiche\" \/>\n<meta property=\"og:url\" content=\"https:\/\/r22er.com\/en\/produit\/masque-castor\/\" \/>\n<meta property=\"og:site_name\" content=\"Royal 22e R\u00e9giment\" \/>\n<meta property=\"og:image\" content=\"https:\/\/r22er.com\/wp-content\/uploads\/2021\/02\/008_1.png\" \/>\n\t<meta property=\"og:image:width\" content=\"800\" \/>\n\t<meta property=\"og:image:height\" content=\"483\" \/>\n\t<meta property=\"og:image:type\" content=\"image\/png\" \/>\n<meta name=\"twitter:card\" content=\"summary_large_image\" \/>\n<script type=\"application\/ld+json\" class=\"yoast-schema-graph\">{\"@context\":\"https:\/\/schema.org\",\"@graph\":[{\"@type\":\"WebPage\",\"@id\":\"https:\/\/r22er.com\/en\/produit\/masque-castor\/\",\"url\":\"https:\/\/r22er.com\/en\/produit\/masque-castor\/\",\"name\":\"Masque castor - Royal 22e R\u00e9giment\",\"isPartOf\":{\"@id\":\"https:\/\/r22er.com\/#website\"},\"primaryImageOfPage\":{\"@id\":\"https:\/\/r22er.com\/en\/produit\/masque-castor\/#primaryimage\"},\"image\":{\"@id\":\"https:\/\/r22er.com\/en\/produit\/masque-castor\/#primaryimage\"},\"thumbnailUrl\":\"https:\/\/r22er.com\/wp-content\/uploads\/2021\/02\/008_1.png\",\"datePublished\":\"2021-02-15T17:35:08+00:00\",\"breadcrumb\":{\"@id\":\"https:\/\/r22er.com\/en\/produit\/masque-castor\/#breadcrumb\"},\"inLanguage\":\"en-US\",\"potentialAction\":[{\"@type\":\"ReadAction\",\"target\":[\"https:\/\/r22er.com\/en\/produit\/masque-castor\/\"]}]},{\"@type\":\"ImageObject\",\"inLanguage\":\"en-US\",\"@id\":\"https:\/\/r22er.com\/en\/produit\/masque-castor\/#primaryimage\",\"url\":\"https:\/\/r22er.com\/wp-content\/uploads\/2021\/02\/008_1.png\",\"contentUrl\":\"https:\/\/r22er.com\/wp-content\/uploads\/2021\/02\/008_1.png\",\"width\":800,\"height\":483},{\"@type\":\"BreadcrumbList\",\"@id\":\"https:\/\/r22er.com\/en\/produit\/masque-castor\/#breadcrumb\",\"itemListElement\":[{\"@type\":\"ListItem\",\"position\":1,\"name\":\"Accueil\",\"item\":\"https:\/\/r22er.com\/\"},{\"@type\":\"ListItem\",\"position\":2,\"name\":\"Produits\",\"item\":\"https:\/\/r22er.com\/services-a-la-citadelle\/produits\/\"},{\"@type\":\"ListItem\",\"position\":3,\"name\":\"Masque castor\"}]},{\"@type\":\"WebSite\",\"@id\":\"https:\/\/r22er.com\/#website\",\"url\":\"https:\/\/r22er.com\/\",\"name\":\"Royal 22e R\u00e9giment\",\"description\":\"Vivez notre histoire\",\"potentialAction\":[{\"@type\":\"SearchAction\",\"target\":{\"@type\":\"EntryPoint\",\"urlTemplate\":\"https:\/\/r22er.com\/?s={search_term_string}\"},\"query-input\":{\"@type\":\"PropertyValueSpecification\",\"valueRequired\":true,\"valueName\":\"search_term_string\"}}],\"inLanguage\":\"en-US\"}]}<\/script>\n<!-- \/ Yoast SEO plugin. -->","yoast_head_json":{"title":"Masque castor - Royal 22e R\u00e9giment","robots":{"index":"index","follow":"follow","max-snippet":"max-snippet:-1","max-image-preview":"max-image-preview:large","max-video-preview":"max-video-preview:-1"},"canonical":"https:\/\/r22er.com\/en\/produit\/masque-castor\/","og_locale":"en_US","og_type":"article","og_title":"Masque castor - Royal 22e R\u00e9giment","og_description":"Masque a trois \u00e9paisseurs en polyester   resistante UV  anti-gouttelettes  filtre \u00e0 poussiere  antibact\u00e9rien  absorbant \u00e0 la sueur  surface fraiche","og_url":"https:\/\/r22er.com\/en\/produit\/masque-castor\/","og_site_name":"Royal 22e R\u00e9giment","og_image":[{"width":800,"height":483,"url":"https:\/\/r22er.com\/wp-content\/uploads\/2021\/02\/008_1.png","type":"image\/png"}],"twitter_card":"summary_large_image","schema":{"@context":"https:\/\/schema.org","@graph":[{"@type":"WebPage","@id":"https:\/\/r22er.com\/en\/produit\/masque-castor\/","url":"https:\/\/r22er.com\/en\/produit\/masque-castor\/","name":"Masque castor - Royal 22e R\u00e9giment","isPartOf":{"@id":"https:\/\/r22er.com\/#website"},"primaryImageOfPage":{"@id":"https:\/\/r22er.com\/en\/produit\/masque-castor\/#primaryimage"},"image":{"@id":"https:\/\/r22er.com\/en\/produit\/masque-castor\/#primaryimage"},"thumbnailUrl":"https:\/\/r22er.com\/wp-content\/uploads\/2021\/02\/008_1.png","datePublished":"2021-02-15T17:35:08+00:00","breadcrumb":{"@id":"https:\/\/r22er.com\/en\/produit\/masque-castor\/#breadcrumb"},"inLanguage":"en-US","potentialAction":[{"@type":"ReadAction","target":["https:\/\/r22er.com\/en\/produit\/masque-castor\/"]}]},{"@type":"ImageObject","inLanguage":"en-US","@id":"https:\/\/r22er.com\/en\/produit\/masque-castor\/#primaryimage","url":"https:\/\/r22er.com\/wp-content\/uploads\/2021\/02\/008_1.png","contentUrl":"https:\/\/r22er.com\/wp-content\/uploads\/2021\/02\/008_1.png","width":800,"height":483},{"@type":"BreadcrumbList","@id":"https:\/\/r22er.com\/en\/produit\/masque-castor\/#breadcrumb","itemListElement":[{"@type":"ListItem","position":1,"name":"Accueil","item":"https:\/\/r22er.com\/"},{"@type":"ListItem","position":2,"name":"Produits","item":"https:\/\/r22er.com\/services-a-la-citadelle\/produits\/"},{"@type":"ListItem","position":3,"name":"Masque castor"}]},{"@type":"WebSite","@id":"https:\/\/r22er.com\/#website","url":"https:\/\/r22er.com\/","name":"Royal 22e R\u00e9giment","description":"Vivez notre histoire","potentialAction":[{"@type":"SearchAction","target":{"@type":"EntryPoint","urlTemplate":"https:\/\/r22er.com\/?s={search_term_string}"},"query-input":{"@type":"PropertyValueSpecification","valueRequired":true,"valueName":"search_term_string"}}],"inLanguage":"en-US"}]}},"_links":{"self":[{"href":"https:\/\/r22er.com\/en\/wp-json\/wp\/v2\/product\/10912","targetHints":{"allow":["GET"]}}],"collection":[{"href":"https:\/\/r22er.com\/en\/wp-json\/wp\/v2\/product"}],"about":[{"href":"https:\/\/r22er.com\/en\/wp-json\/wp\/v2\/types\/product"}],"wp:featuredmedia":[{"embeddable":true,"href":"https:\/\/r22er.com\/en\/wp-json\/wp\/v2\/media\/9472"}],"wp:attachment":[{"href":"https:\/\/r22er.com\/en\/wp-json\/wp\/v2\/media?parent=10912"}],"wp:term":[{"taxonomy":"product_brand","embeddable":true,"href":"https:\/\/r22er.com\/en\/wp-json\/wp\/v2\/product_brand?post=10912"},{"taxonomy":"product_cat","embeddable":true,"href":"https:\/\/r22er.com\/en\/wp-json\/wp\/v2\/product_cat?post=10912"},{"taxonomy":"product_tag","embeddable":true,"href":"https:\/\/r22er.com\/en\/wp-json\/wp\/v2\/product_tag?post=10912"}],"curies":[{"name":"wp","href":"https:\/\/api.w.org\/{rel}","templated":true}]}}